{"id":23,"date":"2025-06-25T17:58:15","date_gmt":"2025-06-25T17:58:15","guid":{"rendered":"https:\/\/vitalkeys.pt\/?page_id=23"},"modified":"2025-07-29T11:13:10","modified_gmt":"2025-07-29T11:13:10","slug":"inicio","status":"publish","type":"page","link":"https:\/\/vitalkeys.pt\/","title":{"rendered":"inicio"},"content":{"rendered":"\t\t<div data-elementor-type=\"wp-page\" data-elementor-id=\"23\" class=\"elementor elementor-23\">\n\t\t\t\t<div class=\"elementor-element elementor-element-1c10e9a e-flex e-con-boxed e-con e-parent\" data-id=\"1c10e9a\" data-element_type=\"container\">\n\t\t\t\t\t<div class=\"e-con-inner\">\n\t\t\t\t<div class=\"elementor-element elementor-element-a739138 elementor-widget elementor-widget-html\" data-id=\"a739138\" data-element_type=\"widget\" data-widget_type=\"html.default\">\n\t\t\t\t<div class=\"elementor-widget-container\">\n\t\t\t\t\t<!DOCTYPE html>\n<html lang=\"pt\">\n<head>\n  <meta charset=\"UTF-8\">\n  <meta name=\"viewport\" content=\"width=device-width, initial-scale=1.0\">\n  <link rel=\"icon\" href='https:\/\/vitalkeys.pt\/wp-content\/uploads\/2025\/07\/favicon.png'>\n  \n  <!-- Google tag (gtag.js) -->\n  <script async src=\"https:\/\/www.googletagmanager.com\/gtag\/js?id=G-HZCWRXN7W1\"><\/script>\n  <script>\n  \n    window.dataLayer = window.dataLayer || [];\n    function gtag(){dataLayer.push(arguments);}\n    gtag('js', new Date());\n    gtag('config', 'G-HZCWRXN7W1');\n  <\/script>\n  \n  <title>VitalKeys - Solu\u00e7\u00f5es Imobili\u00e1rias para Seniores<\/title>\n  <style>\n    body {\n      margin: 0;\n      font-family: Arial, sans-serif;\n      background: url('https:\/\/vitalkeys.pt\/wp-content\/uploads\/2025\/06\/Portada.png') no-repeat center center fixed;\n      background-size: cover;\n      color: #fff;\n    }\n    header {\n      background-color: rgba(0, 0, 0, 0.85);\n      text-align: center;\n      padding: 1rem;\n    }\n    header img {\n      width: 160px;\n    }\n    nav {\n      background-color: rgba(0, 0, 0, 0.8);\n      text-align: center;\n      padding: 0.5rem;\n    }\n    nav a {\n      color: #f9f871;\n      text-decoration: none;\n      margin: 0 15px;\n      font-weight: bold;\n    }\n    .frase {text-align: center;\n  font-size: 2.1rem;\n  font-weight: bold;\n  background-color: rgba(0, 0, 0, 0.75);\n  color: #f9f871;\n  padding: 1rem 2rem;\n  border-radius: 12px;\n  margin: 3rem auto 2rem auto;\n  max-width: 90%;\n  box-shadow: 0 4px 12px rgba(0,0,0,0.4);\n    }\n    .produtos {\n      display: flex;\n      flex-wrap: wrap;\n      justify-content: center;\n      gap: 2rem;\n      padding: 2rem;\n    }\n    .plano {\n      background-color: rgba(0, 0, 0, 0.85);\n      border-radius: 10px;\n      width: 300px;\n      padding: 1rem;\n      text-align: center;\n    }\n    .plano img {\n      width: 100%;\n      border-radius: 8px;\n      cursor: pointer;\n    }\n    .plano h2 {\n      color: #f9f871;\n      margin-top: 1rem;\n    }\n    .plano p {\n      font-size: 0.95rem;\n      line-height: 1.5;\n      margin: 1rem 0;\n    }\n    .plano a.button {\n      display: inline-block;\n      background-color: #f9f871;\n      color: #000;\n      padding: 0.6rem 1.2rem;\n      border-radius: 5px;\n      text-decoration: none;\n      font-weight: bold;\n    }\n    .video {\n      text-align: center;\n      margin: 3rem auto;\n    }\n    iframe {\n      width: 560px;\n      height: 315px;\n      border: none;\n      border-radius: 10px;\n    }\n    footer {\n      background-color: rgba(0, 0, 0, 0.9);\n      text-align: center;\n      padding: 1rem;\n      font-size: 0.9rem;\n      color: #ccc;\n    }\n  <\/style>\n<\/head>\n<body>\n  <header>\n    <a href=\"https:\/\/vitalkeys.pt\">\n      <img decoding=\"async\" src=\"https:\/\/vitalkeys.pt\/wp-content\/uploads\/2025\/06\/Vitalkeys_W-1.png\" alt=\"VitalKeys\">\n    <\/a>\n  <\/header>\n\n  <nav>\n    <a href=\"https:\/\/vitalkeys.pt\/index.php\/sobre-nos\/\">Sobre n\u00f3s<\/a>\n    <a href=\"https:\/\/vitalkeys.pt\/index.php\/politica-de-privacidade\/\">Pol\u00edtica de Privacidade<\/a>\n    <a href=\"https:\/\/vitalkeys.pt\/index.php\/productos\/\">Produtos<\/a>\n    <a href=\"https:\/\/vitalkeys.pt\/index.php\/contactos-2\/\">Contactos<\/a>\n  <\/nav>\n\n  <div class=\"frase\" >Venda a sua casa e continue a morar nela<\/div>\n\n  <section class=\"produtos\">\n    <div class=\"plano\">\n      <a href=\"https:\/\/vitalkeys.pt\/index.php\/liberdade\/\">\n        <img decoding=\"async\" src=\"https:\/\/vitalkeys.pt\/wp-content\/uploads\/2025\/06\/cometa.png\" alt=\"Plano Liberdade\">\n      <\/a>\n      <h2>Plano Liberdade<\/h2>\n      <p>O propriet\u00e1rio recebe um pagamento \u00fanico  pela venda da propriedade e mant\u00e9m o direito de residir no im\u00f3vel para o resto da vida, sem pagar renda.<br> <br><\/p>\n      <a href=\"https:\/\/vitalkeys.pt\/index.php\/liberdade\/\" class=\"button\">Saber Mais<\/a>\n    <\/div>\n\n    <div class=\"plano\">\n      <a href=\"https:\/\/vitalkeys.pt\/index.php\/serenidade\/\">\n        <img decoding=\"async\" src=\"https:\/\/vitalkeys.pt\/wp-content\/uploads\/2025\/06\/playa_libro.png\" alt=\"Plano Serenidade\">\n      <\/a>\n      <h2>Plano Serenidade<\/h2>\n      <p>O propriet\u00e1rio recebe uma renda vital\u00edcia como pagamento da venda da propriedade e\n      mant\u00e9m o direito de residir no im\u00f3vel para o resto da vida, sem pagar renda.<\/p>\n      <a href=\"https:\/\/vitalkeys.pt\/index.php\/serenidade\/\" class=\"button\">Saber Mais<\/a>\n    <\/div>\n\n    <div class=\"plano\">\n      <a href=\"https:\/\/vitalkeys.pt\/index.php\/flexivel\/\">\n        <img decoding=\"async\" src=\"https:\/\/vitalkeys.pt\/wp-content\/uploads\/2025\/06\/playa_mar.png\" alt=\"Plano Flex\u00edvel\">\n      <\/a>\n      <h2>Plano Flex\u00edvel<\/h2>\n      <p>O propriet\u00e1rio recebe um pagamento inicial e uma renda vital\u00edcia pela venda da propriedade e\n      mant\u00e9m o direito de residir no im\u00f3vel para o resto da vida, sem pagar renda.<\/p>\n      <a href=\"https:\/\/vitalkeys.pt\/index.php\/flexivel\/\" class=\"button\">Saber Mais<\/a>\n    <\/div>\n  <\/section>\n\n  <iframe \n  width=\"560\" \n  height=\"315\" \n  src=\"https:\/\/www.youtube.com\/embed\/wHjgIQLZ29U?playlist=wHjgIQLZ29U&loop=1&modestbranding=1&showinfo=0&controls=0&rel=0\" \n  frameborder=\"0\" \n  allow=\"autoplay; encrypted-media\" \n  allowfullscreen>\n<\/iframe>\n\n\n  <footer>\n    Vitalkeys \u00e9 uma marca propriedade de Triunfo M\u00e1ximo Lda. \u2013 Licen\u00e7a A.M.I. 13124\n  <\/footer>\n<\/body>\n<\/html>\n\t\t\t\t<\/div>\n\t\t\t\t<\/div>\n\t\t\t\t\t<\/div>\n\t\t\t\t<\/div>\n\t\t\t\t<\/div>\n\t\t","protected":false},"excerpt":{"rendered":"<p>VitalKeys &#8211; Solu\u00e7\u00f5es Imobili\u00e1rias para Seniores Sobre n\u00f3s Pol\u00edtica de Privacidade Produtos Contactos Venda a sua casa e continue a [&hellip;]<\/p>\n","protected":false},"author":1,"featured_media":0,"parent":0,"menu_order":0,"comment_status":"closed","ping_status":"closed","template":"elementor_canvas","meta":{"site-sidebar-layout":"no-sidebar","site-content-layout":"","ast-site-content-layout":"full-width-container","site-content-style":"default","site-sidebar-style":"default","ast-global-header-display":"","ast-banner-title-visibility":"","ast-main-header-display":"","ast-hfb-above-header-display":"","ast-hfb-below-header-display":"","ast-hfb-mobile-header-display":"","site-post-title":"disabled","ast-breadcrumbs-content":"","ast-featured-img":"disabled","footer-sml-layout":"","theme-transparent-header-meta":"","adv-header-id-meta":"","stick-header-meta":"","header-above-stick-meta":"","header-main-stick-meta":"","header-below-stick-meta":"","astra-migrate-meta-layouts":"default","ast-page-background-enabled":"default","ast-page-background-meta":{"desktop":{"background-color":"var(--ast-global-color-5)","background-image":"","background-repeat":"repeat","background-position":"center center","background-size":"auto","background-attachment":"scroll","background-type":"","background-media":"","overlay-type":"","overlay-color":"","overlay-opacity":"","overlay-gradient":""},"tablet":{"background-color":"","background-image":"","background-repeat":"repeat","background-position":"center center","background-size":"auto","background-attachment":"scroll","background-type":"","background-media":"","overlay-type":"","overlay-color":"","overlay-opacity":"","overlay-gradient":""},"mobile":{"background-color":"","background-image":"","background-repeat":"repeat","background-position":"center center","background-size":"auto","background-attachment":"scroll","background-type":"","background-media":"","overlay-type":"","overlay-color":"","overlay-opacity":"","overlay-gradient":""}},"ast-content-background-meta":{"desktop":{"background-color":"var(--ast-global-color-4)","background-image":"","background-repeat":"repeat","background-position":"center center","background-size":"auto","background-attachment":"scroll","background-type":"","background-media":"","overlay-type":"","overlay-color":"","overlay-opacity":"","overlay-gradient":""},"tablet":{"background-color":"var(--ast-global-color-4)","background-image":"","background-repeat":"repeat","background-position":"center center","background-size":"auto","background-attachment":"scroll","background-type":"","background-media":"","overlay-type":"","overlay-color":"","overlay-opacity":"","overlay-gradient":""},"mobile":{"background-color":"var(--ast-global-color-4)","background-image":"","background-repeat":"repeat","background-position":"center center","background-size":"auto","background-attachment":"scroll","background-type":"","background-media":"","overlay-type":"","overlay-color":"","overlay-opacity":"","overlay-gradient":""}},"footnotes":""},"class_list":["post-23","page","type-page","status-publish","hentry"],"_links":{"self":[{"href":"https:\/\/vitalkeys.pt\/index.php\/wp-json\/wp\/v2\/pages\/23","targetHints":{"allow":["GET"]}}],"collection":[{"href":"https:\/\/vitalkeys.pt\/index.php\/wp-json\/wp\/v2\/pages"}],"about":[{"href":"https:\/\/vitalkeys.pt\/index.php\/wp-json\/wp\/v2\/types\/page"}],"author":[{"embeddable":true,"href":"https:\/\/vitalkeys.pt\/index.php\/wp-json\/wp\/v2\/users\/1"}],"replies":[{"embeddable":true,"href":"https:\/\/vitalkeys.pt\/index.php\/wp-json\/wp\/v2\/comments?post=23"}],"version-history":[{"count":94,"href":"https:\/\/vitalkeys.pt\/index.php\/wp-json\/wp\/v2\/pages\/23\/revisions"}],"predecessor-version":[{"id":389,"href":"https:\/\/vitalkeys.pt\/index.php\/wp-json\/wp\/v2\/pages\/23\/revisions\/389"}],"wp:attachment":[{"href":"https:\/\/vitalkeys.pt\/index.php\/wp-json\/wp\/v2\/media?parent=23"}],"curies":[{"name":"wp","href":"https:\/\/api.w.org\/{rel}","templated":true}]}}