{"id":137,"date":"2025-06-27T17:03:53","date_gmt":"2025-06-27T17:03:53","guid":{"rendered":"https:\/\/vitalkeys.pt\/?page_id=137"},"modified":"2025-06-27T17:31:25","modified_gmt":"2025-06-27T17:31:25","slug":"productos","status":"publish","type":"page","link":"https:\/\/vitalkeys.pt\/index.php\/productos\/","title":{"rendered":"productos"},"content":{"rendered":"\t\t<div data-elementor-type=\"wp-page\" data-elementor-id=\"137\" class=\"elementor elementor-137\">\n\t\t\t\t<div class=\"elementor-element elementor-element-ac4241c e-flex e-con-boxed e-con e-parent\" data-id=\"ac4241c\" data-element_type=\"container\">\n\t\t\t\t\t<div class=\"e-con-inner\">\n\t\t\t\t<div class=\"elementor-element elementor-element-bfb6d14 elementor-widget elementor-widget-html\" data-id=\"bfb6d14\" data-element_type=\"widget\" data-widget_type=\"html.default\">\n\t\t\t\t<div class=\"elementor-widget-container\">\n\t\t\t\t\t<!DOCTYPE html>\n<html lang=\"pt\">\n<head>\n  <meta charset=\"UTF-8\" \/>\n  <meta name=\"viewport\" content=\"width=device-width, initial-scale=1.0\"\/>\n  <title>VitalKeys \u2013 Produtos<\/title>\n  <style>\n    body {\n      margin: 0;\n      font-family: Arial, sans-serif;\n      background: url('https:\/\/vitalkeys.pt\/wp-content\/uploads\/2025\/06\/Portada.png') no-repeat center center fixed;\n      background-size: cover;\n      color: #ffffff;\n    }\n\n    .container {\n      max-width: 1200px;\n      margin: auto;\n      padding: 2rem 1rem;\n    }\n\n    .titulo {\n      text-align: center;\n      font-size: 2.5rem;\n      font-weight: bold;\n      margin-top: 2rem;\n      margin-bottom: 2rem;\n      color: #ffffff;\n    }\n\n    .produtos {\n      display: flex;\n      flex-direction: column;\n      gap: 2rem;\n    }\n\n    .produto {\n      background-color: rgba(0, 0, 0, 0.8);\n      border-radius: 10px;\n      overflow: hidden;\n      display: flex;\n      flex-direction: column;\n      align-items: center;\n      text-align: center;\n      padding: 1rem;\n      transition: transform 0.3s;\n    }\n\n    .produto:hover {\n      transform: scale(1.02);\n    }\n\n    .produto img {\n      width: 100%;\n      max-height: 200px;\n      object-fit: cover;\n      cursor: pointer;\n    }\n\n    .produto h2 {\n      color: #f9f871;\n      font-size: 1.6rem;\n      margin: 1rem 0 0.5rem;\n    }\n\n    .produto p {\n      font-size: 1rem;\n      margin: 0.5rem 0;\n      line-height: 1.6;\n    }\n\n    .botao {\n      margin-top: auto;\n      padding: 0.6rem 1.2rem;\n      background-color: #f9f871;\n      color: #000;\n      font-weight: bold;\n      border: none;\n      border-radius: 5px;\n      text-decoration: none;\n      display: inline-block;\n      margin-top: 1rem;\n    }\n\n    @media(min-width: 768px) {\n      .produtos {\n        flex-direction: row;\n        justify-content: space-between;\n      }\n\n      .produto {\n        width: 32%;\n      }\n    }\n  <\/style>\n<\/head>\n<body>\n\n  <div class=\"container\">\n    <!-- T\u00edtulo da Se\u00e7\u00e3o -->\n    <div class=\"titulo\">PRODUTOS<\/div>\n\n    <!-- Se\u00e7\u00e3o de Produtos -->\n    <div class=\"produtos\">\n      <!-- Plano Liberdade -->\n      <div class=\"produto\">\n        <a href=\"https:\/\/vitalkeys.pt\/index.php\/liberdade\/\">\n          <img decoding=\"async\" src=\"https:\/\/vitalkeys.pt\/wp-content\/uploads\/2025\/06\/cometa.png\" alt=\"Plano Liberdade\">\n        <\/a>\n        <h2>Plano Liberdade<\/h2>\n        <p>O propriet\u00e1rio recebe um pagamento \u00fanico significativo pela transfer\u00eancia da propriedade.<\/p>\n        <p>Mant\u00e9m o direito de residir no im\u00f3vel para o resto da vida, sem pagar renda.<\/p>\n        <a class=\"botao\" href=\"https:\/\/vitalkeys.pt\/index.php\/liberdade\/\">Saber mais<\/a>\n      <\/div>\n\n      <!-- Plano Serenidade -->\n      <div class=\"produto\">\n        <a href=\"https:\/\/vitalkeys.pt\/index.php\/serenidade\/\">\n          <img decoding=\"async\" src=\"https:\/\/vitalkeys.pt\/wp-content\/uploads\/2025\/06\/playa_libro.png\" alt=\"Plano Serenidade\">\n        <\/a>\n        <h2>Plano Serenidade<\/h2>\n        <p>O propriet\u00e1rio recebe uma renda vital\u00edcia como pagamento da transfer\u00eancia da propriedade que fica definida na compra-venda.<\/p>\n        <p>Mant\u00e9m o direito de residir no im\u00f3vel para o resto da vida, sem pagar renda.<\/p>\n        <a class=\"botao\" href=\"https:\/\/vitalkeys.pt\/index.php\/serenidade\/\">Saber mais<\/a>\n      <\/div>\n\n      <!-- Plano Flex\u00edvel -->\n      <div class=\"produto\">\n        <a href=\"https:\/\/vitalkeys.pt\/index.php\/flexivel\/\">\n          <img decoding=\"async\" src=\"https:\/\/vitalkeys.pt\/wp-content\/uploads\/2025\/06\/playa_mar.png\" alt=\"Plano Flex\u00edvel\">\n        <\/a>\n        <h2>Plano Flex\u00edvel<\/h2>\n        <p>O propriet\u00e1rio recebe um pagamento inicial e uma renda vital\u00edcia pela transfer\u00eancia da propriedade.<\/p>\n        <p>Mant\u00e9m o direito de residir no im\u00f3vel para o resto da vida, sem pagar renda.<\/p>\n        <a class=\"botao\" href=\"https:\/\/vitalkeys.pt\/index.php\/flexivel\/\">Saber mais<\/a>\n      <\/div>\n    <\/div>\n  <\/div>\n\n<\/body>\n<\/html>\n\t\t\t\t<\/div>\n\t\t\t\t<\/div>\n\t\t\t\t\t<\/div>\n\t\t\t\t<\/div>\n\t\t\t\t<\/div>\n\t\t","protected":false},"excerpt":{"rendered":"<p>VitalKeys \u2013 Produtos PRODUTOS Plano Liberdade O propriet\u00e1rio recebe um pagamento \u00fanico significativo pela transfer\u00eancia da propriedade. Mant\u00e9m o direito [&hellip;]<\/p>\n","protected":false},"author":1,"featured_media":0,"parent":0,"menu_order":0,"comment_status":"closed","ping_status":"closed","template":"","meta":{"site-sidebar-layout":"no-sidebar","site-content-layout":"","ast-site-content-layout":"full-width-container","site-content-style":"default","site-sidebar-style":"default","ast-global-header-display":"","ast-banner-title-visibility":"","ast-main-header-display":"","ast-hfb-above-header-display":"","ast-hfb-below-header-display":"","ast-hfb-mobile-header-display":"","site-post-title":"disabled","ast-breadcrumbs-content":"","ast-featured-img":"disabled","footer-sml-layout":"","theme-transparent-header-meta":"","adv-header-id-meta":"","stick-header-meta":"","header-above-stick-meta":"","header-main-stick-meta":"","header-below-stick-meta":"","astra-migrate-meta-layouts":"default","ast-page-background-enabled":"default","ast-page-background-meta":{"desktop":{"background-color":"var(--ast-global-color-5)","background-image":"","background-repeat":"repeat","background-position":"center center","background-size":"auto","background-attachment":"scroll","background-type":"","background-media":"","overlay-type":"","overlay-color":"","overlay-opacity":"","overlay-gradient":""},"tablet":{"background-color":"","background-image":"","background-repeat":"repeat","background-position":"center center","background-size":"auto","background-attachment":"scroll","background-type":"","background-media":"","overlay-type":"","overlay-color":"","overlay-opacity":"","overlay-gradient":""},"mobile":{"background-color":"","background-image":"","background-repeat":"repeat","background-position":"center center","background-size":"auto","background-attachment":"scroll","background-type":"","background-media":"","overlay-type":"","overlay-color":"","overlay-opacity":"","overlay-gradient":""}},"ast-content-background-meta":{"desktop":{"background-color":"var(--ast-global-color-4)","background-image":"","background-repeat":"repeat","background-position":"center center","background-size":"auto","background-attachment":"scroll","background-type":"","background-media":"","overlay-type":"","overlay-color":"","overlay-opacity":"","overlay-gradient":""},"tablet":{"background-color":"var(--ast-global-color-4)","background-image":"","background-repeat":"repeat","background-position":"center center","background-size":"auto","background-attachment":"scroll","background-type":"","background-media":"","overlay-type":"","overlay-color":"","overlay-opacity":"","overlay-gradient":""},"mobile":{"background-color":"var(--ast-global-color-4)","background-image":"","background-repeat":"repeat","background-position":"center center","background-size":"auto","background-attachment":"scroll","background-type":"","background-media":"","overlay-type":"","overlay-color":"","overlay-opacity":"","overlay-gradient":""}},"footnotes":""},"class_list":["post-137","page","type-page","status-publish","hentry"],"_links":{"self":[{"href":"https:\/\/vitalkeys.pt\/index.php\/wp-json\/wp\/v2\/pages\/137","targetHints":{"allow":["GET"]}}],"collection":[{"href":"https:\/\/vitalkeys.pt\/index.php\/wp-json\/wp\/v2\/pages"}],"about":[{"href":"https:\/\/vitalkeys.pt\/index.php\/wp-json\/wp\/v2\/types\/page"}],"author":[{"embeddable":true,"href":"https:\/\/vitalkeys.pt\/index.php\/wp-json\/wp\/v2\/users\/1"}],"replies":[{"embeddable":true,"href":"https:\/\/vitalkeys.pt\/index.php\/wp-json\/wp\/v2\/comments?post=137"}],"version-history":[{"count":9,"href":"https:\/\/vitalkeys.pt\/index.php\/wp-json\/wp\/v2\/pages\/137\/revisions"}],"predecessor-version":[{"id":157,"href":"https:\/\/vitalkeys.pt\/index.php\/wp-json\/wp\/v2\/pages\/137\/revisions\/157"}],"wp:attachment":[{"href":"https:\/\/vitalkeys.pt\/index.php\/wp-json\/wp\/v2\/media?parent=137"}],"curies":[{"name":"wp","href":"https:\/\/api.w.org\/{rel}","templated":true}]}}